{"id":312,"date":"2025-12-28T11:55:34","date_gmt":"2025-12-28T09:55:34","guid":{"rendered":"https:\/\/remed-pl.freshlook.in.ua\/product\/omron-nightview\/"},"modified":"2026-01-13T13:47:11","modified_gmt":"2026-01-13T11:47:11","slug":"omron-nightview","status":"publish","type":"product","link":"https:\/\/remed-pl.freshlook.in.ua\/pl\/product\/omron-nightview\/","title":{"rendered":"Omron NightView"},"content":{"rendered":"<p>Omron NightView to innowacyjny ci\u015bnieniomierz holterowski na nadgarstek, przeznaczony do automatycznego pomiaru ci\u015bnienia t\u0119tniczego w nocy. Umo\u017cliwia wykrywanie nadci\u015bnienia nocnego dzi\u0119ki cichej pracy i automatycznym pomiarom podczas snu.<br \/>\n<br \/>\n<span style=\"font-weight: 400;\"><strong>Uwaga:<\/strong> to jest wyr\u00f3b medyczny. U\u017cywaj zgodnie z instrukcj\u0105 u\u017cycia i\/lub etykiet\u0105.<\/span><br \/>\n<br \/>\n<span style=\"font-weight: 400;\">Reklamodawca: <strong>REMED PL sp. z o.o.<\/strong><\/span><br \/>\n<br \/>\n<span style=\"font-weight: 400;\">Producent: <strong>Omron<\/strong><\/span><br \/>\n<br \/>\n<span style=\"font-weight: 400;\">Instrukcja: <strong><a style=\"text-decoration: underline;\" href=\"\">Omron NightView<\/a><\/strong><\/span><\/p>\n","protected":false},"excerpt":{"rendered":"<p><strong>Pierwszy domowy ci\u015bnieniomierz holterowski na nadgarstek do automatycznego pomiaru ci\u015bnienia w nocy<\/strong><\/p>\n","protected":false},"featured_media":307,"comment_status":"open","ping_status":"closed","template":"","meta":{"_acf_changed":false},"product_brand":[],"product_cat":[27],"product_tag":[],"class_list":{"0":"post-312","1":"product","2":"type-product","3":"status-publish","4":"has-post-thumbnail","6":"product_cat-bez-kategoriyi","8":"first","9":"instock","10":"sale","11":"shipping-taxable","12":"purchasable","13":"product-type-simple"},"acf":[],"yoast_head":"<!-- This site is optimized with the Yoast SEO plugin v26.6 - https:\/\/yoast.com\/wordpress\/plugins\/seo\/ -->\n<title>Omron NightView - remed pl<\/title>\n<meta name=\"robots\" content=\"noindex, follow, max-snippet:-1, max-image-preview:large, max-video-preview:-1\" \/>\n<meta property=\"og:locale\" content=\"pl_PL\" \/>\n<meta property=\"og:type\" content=\"article\" \/>\n<meta property=\"og:title\" content=\"Omron NightView - remed pl\" \/>\n<meta property=\"og:description\" content=\"Pierwszy domowy ci\u015bnieniomierz holterowski na nadgarstek do automatycznego pomiaru ci\u015bnienia w nocy\" \/>\n<meta property=\"og:url\" content=\"https:\/\/remed-pl.freshlook.in.ua\/pl\/product\/omron-nightview\/\" \/>\n<meta property=\"og:site_name\" content=\"remed pl\" \/>\n<meta property=\"article:modified_time\" content=\"2026-01-13T11:47:11+00:00\" \/>\n<meta property=\"og:image\" content=\"https:\/\/remed-pl.freshlook.in.ua\/wp-content\/uploads\/2025\/12\/illustration.webp\" \/>\n\t<meta property=\"og:image:width\" content=\"672\" \/>\n\t<meta property=\"og:image:height\" content=\"672\" \/>\n\t<meta property=\"og:image:type\" content=\"image\/webp\" \/>\n<meta name=\"twitter:card\" content=\"summary_large_image\" \/>\n<meta name=\"twitter:label1\" content=\"Szacowany czas czytania\" \/>\n\t<meta name=\"twitter:data1\" content=\"1 minuta\" \/>\n<script type=\"application\/ld+json\" class=\"yoast-schema-graph\">{\"@context\":\"https:\/\/schema.org\",\"@graph\":[{\"@type\":\"WebPage\",\"@id\":\"https:\/\/remed-pl.freshlook.in.ua\/pl\/product\/omron-nightview\/\",\"url\":\"https:\/\/remed-pl.freshlook.in.ua\/pl\/product\/omron-nightview\/\",\"name\":\"Omron NightView - remed pl\",\"isPartOf\":{\"@id\":\"https:\/\/remed-pl.freshlook.in.ua\/pl\/#website\"},\"primaryImageOfPage\":{\"@id\":\"https:\/\/remed-pl.freshlook.in.ua\/pl\/product\/omron-nightview\/#primaryimage\"},\"image\":{\"@id\":\"https:\/\/remed-pl.freshlook.in.ua\/pl\/product\/omron-nightview\/#primaryimage\"},\"thumbnailUrl\":\"https:\/\/remed-pl.freshlook.in.ua\/wp-content\/uploads\/2025\/12\/illustration.webp\",\"datePublished\":\"2025-12-28T09:55:34+00:00\",\"dateModified\":\"2026-01-13T11:47:11+00:00\",\"breadcrumb\":{\"@id\":\"https:\/\/remed-pl.freshlook.in.ua\/pl\/product\/omron-nightview\/#breadcrumb\"},\"inLanguage\":\"pl-PL\",\"potentialAction\":[{\"@type\":\"ReadAction\",\"target\":[\"https:\/\/remed-pl.freshlook.in.ua\/pl\/product\/omron-nightview\/\"]}]},{\"@type\":\"ImageObject\",\"inLanguage\":\"pl-PL\",\"@id\":\"https:\/\/remed-pl.freshlook.in.ua\/pl\/product\/omron-nightview\/#primaryimage\",\"url\":\"https:\/\/remed-pl.freshlook.in.ua\/wp-content\/uploads\/2025\/12\/illustration.webp\",\"contentUrl\":\"https:\/\/remed-pl.freshlook.in.ua\/wp-content\/uploads\/2025\/12\/illustration.webp\",\"width\":672,\"height\":672},{\"@type\":\"BreadcrumbList\",\"@id\":\"https:\/\/remed-pl.freshlook.in.ua\/pl\/product\/omron-nightview\/#breadcrumb\",\"itemListElement\":[{\"@type\":\"ListItem\",\"position\":1,\"name\":\"\u0413\u043e\u043b\u043e\u0432\u043d\u0430\",\"item\":\"https:\/\/remed-pl.freshlook.in.ua\/pl\/\"},{\"@type\":\"ListItem\",\"position\":2,\"name\":\"Sklep\",\"item\":\"https:\/\/remed-pl.freshlook.in.ua\/pl\/sklep\/\"},{\"@type\":\"ListItem\",\"position\":3,\"name\":\"Omron NightView\"}]},{\"@type\":\"WebSite\",\"@id\":\"https:\/\/remed-pl.freshlook.in.ua\/pl\/#website\",\"url\":\"https:\/\/remed-pl.freshlook.in.ua\/pl\/\",\"name\":\"remed pl\",\"description\":\"\",\"potentialAction\":[{\"@type\":\"SearchAction\",\"target\":{\"@type\":\"EntryPoint\",\"urlTemplate\":\"https:\/\/remed-pl.freshlook.in.ua\/pl\/?s={search_term_string}\"},\"query-input\":{\"@type\":\"PropertyValueSpecification\",\"valueRequired\":true,\"valueName\":\"search_term_string\"}}],\"inLanguage\":\"pl-PL\"}]}<\/script>\n<!-- \/ Yoast SEO plugin. -->","yoast_head_json":{"title":"Omron NightView - remed pl","robots":{"index":"noindex","follow":"follow","max-snippet":"max-snippet:-1","max-image-preview":"max-image-preview:large","max-video-preview":"max-video-preview:-1"},"og_locale":"pl_PL","og_type":"article","og_title":"Omron NightView - remed pl","og_description":"Pierwszy domowy ci\u015bnieniomierz holterowski na nadgarstek do automatycznego pomiaru ci\u015bnienia w nocy","og_url":"https:\/\/remed-pl.freshlook.in.ua\/pl\/product\/omron-nightview\/","og_site_name":"remed pl","article_modified_time":"2026-01-13T11:47:11+00:00","og_image":[{"width":672,"height":672,"url":"https:\/\/remed-pl.freshlook.in.ua\/wp-content\/uploads\/2025\/12\/illustration.webp","type":"image\/webp"}],"twitter_card":"summary_large_image","twitter_misc":{"Szacowany czas czytania":"1 minuta"},"schema":{"@context":"https:\/\/schema.org","@graph":[{"@type":"WebPage","@id":"https:\/\/remed-pl.freshlook.in.ua\/pl\/product\/omron-nightview\/","url":"https:\/\/remed-pl.freshlook.in.ua\/pl\/product\/omron-nightview\/","name":"Omron NightView - remed pl","isPartOf":{"@id":"https:\/\/remed-pl.freshlook.in.ua\/pl\/#website"},"primaryImageOfPage":{"@id":"https:\/\/remed-pl.freshlook.in.ua\/pl\/product\/omron-nightview\/#primaryimage"},"image":{"@id":"https:\/\/remed-pl.freshlook.in.ua\/pl\/product\/omron-nightview\/#primaryimage"},"thumbnailUrl":"https:\/\/remed-pl.freshlook.in.ua\/wp-content\/uploads\/2025\/12\/illustration.webp","datePublished":"2025-12-28T09:55:34+00:00","dateModified":"2026-01-13T11:47:11+00:00","breadcrumb":{"@id":"https:\/\/remed-pl.freshlook.in.ua\/pl\/product\/omron-nightview\/#breadcrumb"},"inLanguage":"pl-PL","potentialAction":[{"@type":"ReadAction","target":["https:\/\/remed-pl.freshlook.in.ua\/pl\/product\/omron-nightview\/"]}]},{"@type":"ImageObject","inLanguage":"pl-PL","@id":"https:\/\/remed-pl.freshlook.in.ua\/pl\/product\/omron-nightview\/#primaryimage","url":"https:\/\/remed-pl.freshlook.in.ua\/wp-content\/uploads\/2025\/12\/illustration.webp","contentUrl":"https:\/\/remed-pl.freshlook.in.ua\/wp-content\/uploads\/2025\/12\/illustration.webp","width":672,"height":672},{"@type":"BreadcrumbList","@id":"https:\/\/remed-pl.freshlook.in.ua\/pl\/product\/omron-nightview\/#breadcrumb","itemListElement":[{"@type":"ListItem","position":1,"name":"\u0413\u043e\u043b\u043e\u0432\u043d\u0430","item":"https:\/\/remed-pl.freshlook.in.ua\/pl\/"},{"@type":"ListItem","position":2,"name":"Sklep","item":"https:\/\/remed-pl.freshlook.in.ua\/pl\/sklep\/"},{"@type":"ListItem","position":3,"name":"Omron NightView"}]},{"@type":"WebSite","@id":"https:\/\/remed-pl.freshlook.in.ua\/pl\/#website","url":"https:\/\/remed-pl.freshlook.in.ua\/pl\/","name":"remed pl","description":"","potentialAction":[{"@type":"SearchAction","target":{"@type":"EntryPoint","urlTemplate":"https:\/\/remed-pl.freshlook.in.ua\/pl\/?s={search_term_string}"},"query-input":{"@type":"PropertyValueSpecification","valueRequired":true,"valueName":"search_term_string"}}],"inLanguage":"pl-PL"}]}},"_links":{"self":[{"href":"https:\/\/remed-pl.freshlook.in.ua\/pl\/wp-json\/wp\/v2\/product\/312","targetHints":{"allow":["GET"]}}],"collection":[{"href":"https:\/\/remed-pl.freshlook.in.ua\/pl\/wp-json\/wp\/v2\/product"}],"about":[{"href":"https:\/\/remed-pl.freshlook.in.ua\/pl\/wp-json\/wp\/v2\/types\/product"}],"replies":[{"embeddable":true,"href":"https:\/\/remed-pl.freshlook.in.ua\/pl\/wp-json\/wp\/v2\/comments?post=312"}],"wp:featuredmedia":[{"embeddable":true,"href":"https:\/\/remed-pl.freshlook.in.ua\/pl\/wp-json\/wp\/v2\/media\/307"}],"wp:attachment":[{"href":"https:\/\/remed-pl.freshlook.in.ua\/pl\/wp-json\/wp\/v2\/media?parent=312"}],"wp:term":[{"taxonomy":"product_brand","embeddable":true,"href":"https:\/\/remed-pl.freshlook.in.ua\/pl\/wp-json\/wp\/v2\/product_brand?post=312"},{"taxonomy":"product_cat","embeddable":true,"href":"https:\/\/remed-pl.freshlook.in.ua\/pl\/wp-json\/wp\/v2\/product_cat?post=312"},{"taxonomy":"product_tag","embeddable":true,"href":"https:\/\/remed-pl.freshlook.in.ua\/pl\/wp-json\/wp\/v2\/product_tag?post=312"}],"curies":[{"name":"wp","href":"https:\/\/api.w.org\/{rel}","templated":true}]}}